{"id":37,"date":"2016-03-10T11:57:09","date_gmt":"2016-03-10T09:57:09","guid":{"rendered":"http:\/\/terapiapalvelu-usva.fi\/?page_id=37"},"modified":"2021-11-03T07:55:18","modified_gmt":"2021-11-03T05:55:18","slug":"tyonohjaus","status":"publish","type":"page","link":"https:\/\/terapiapalvelu-usva.fi\/?page_id=37","title":{"rendered":"Ty\u00f6nohjaus"},"content":{"rendered":"<p><img loading=\"lazy\" decoding=\"async\" class=\"alignright wp-image-68 size-full\" src=\"http:\/\/terapiapalvelu-usva.fi\/wp-content\/uploads\/2016\/03\/kuva5.jpg\" alt=\"Ty\u00f6nohjaus\" width=\"400\" height=\"293\" srcset=\"https:\/\/terapiapalvelu-usva.fi\/wp-content\/uploads\/2016\/03\/kuva5.jpg 400w, https:\/\/terapiapalvelu-usva.fi\/wp-content\/uploads\/2016\/03\/kuva5-300x220.jpg 300w\" sizes=\"auto, (max-width: 400px) 100vw, 400px\" \/><\/p>\n<p>&nbsp;<\/p>\n<p>Saan usein kysymyksi\u00e4 ty\u00f6nohjauksesta ja siit\u00e4, millaista ty\u00f6nohjausta kannattaisi etsi\u00e4. Ty\u00f6nohjaus on oman ty\u00f6n tutkimista, arviointia ja kehitt\u00e4mist\u00e4. Se on ty\u00f6h\u00f6n, ty\u00f6yhteis\u00f6\u00f6n ja omaan ty\u00f6rooliin liittyvien kysymysten, kokemusten ja tunteiden yhdess\u00e4 tulkitsemista ja j\u00e4sent\u00e4mist\u00e4. Ty\u00f6nohjauksen tarkoituksena on edist\u00e4\u00e4 ammatillista kasvua, yhteisty\u00f6valmiuksia ja ty\u00f6roolien selkiytt\u00e4mist\u00e4. Se on erinomainen keino parantaa sek\u00e4 johdon ett\u00e4 henkil\u00f6st\u00f6n valmiuksia vastata ty\u00f6el\u00e4m\u00e4n ajankohtaisiin haasteisiin.<\/p>\n<p>Sosiaali- ja terveysalalla ty\u00f6nohjaus on usein ns. potilasty\u00f6nohjausta eli siin\u00e4 yhdess\u00e4 kokeneen psykoterapeuttity\u00f6nohjaajan kanssa k\u00e4yd\u00e4\u00e4n l\u00e4pi ty\u00f6nohjattavan ty\u00f6ss\u00e4\u00e4n kohtaamia potilas\/asiakas tapauksia ja niiden her\u00e4tt\u00e4mi\u00e4 tunteita ja ajatuksia. Ty\u00f6nohjauksella pyrit\u00e4\u00e4n j\u00e4sent\u00e4m\u00e4\u00e4n ja syvent\u00e4m\u00e4\u00e4n kuvaa omasta ty\u00f6skentelyst\u00e4 tietyn potilaan kanssa, tutkitaan ongelmatilanteita ja suunnitellaan jatkotoimia. T\u00e4m\u00e4n takia onkin hyvin t\u00e4rke\u00e4\u00e4 mietti\u00e4 omaa ty\u00f6nohjaajaa sis\u00e4ll\u00f6nosaamisen n\u00e4k\u00f6kulmasta. Ty\u00f6nohjauksella pyrita\u0308a\u0308n siis lisa\u0308a\u0308ma\u0308a\u0308n ohjattavan ammatillista osaamista, tyo\u0308motivaatiota ja ty\u00f6hyvinvointia seka\u0308 ehka\u0308isema\u0308a\u0308n ty\u00f6st\u00e4 aiheutunutta uupumusta, stressia\u0308 ja rutinoitumista.<\/p>\n<p>Terapiapalvelu Usvassa tarjoan ty\u00f6nohjausta erityisesti lastensuojelun ty\u00f6ntekij\u00f6ille, toisille psykoterapeuteille, opettajille ja kaikille, jotka ty\u00f6skentelev\u00e4t traumatisoituneiden tai lasten, nuorten tai aikuisten parissa. Erilaiset vakavat traumat, kuten kiintymyssuhdetraumat ja seksuaalitraumat ovat erityisosaamistani, joiden kanssa ty\u00f6skentelen p\u00e4ivitt\u00e4in. Tarvittaessa tarjoan my\u00f6s ryhm\u00e4ty\u00f6nohjausta sek\u00e4 johdon konsultointia.<\/p>\n","protected":false},"excerpt":{"rendered":"<p>&nbsp; Saan usein kysymyksi\u00e4 ty\u00f6nohjauksesta ja siit\u00e4, millaista ty\u00f6nohjausta kannattaisi etsi\u00e4. Ty\u00f6nohjaus on oman ty\u00f6n tutkimista, arviointia ja kehitt\u00e4mist\u00e4. Se on ty\u00f6h\u00f6n, ty\u00f6yhteis\u00f6\u00f6n ja omaan ty\u00f6rooliin liittyvien kysymysten, kokemusten ja tunteiden yhdess\u00e4 tulkitsemista ja j\u00e4sent\u00e4mist\u00e4. Ty\u00f6nohjauksen tarkoituksena on edist\u00e4\u00e4 ammatillista kasvua, yhteisty\u00f6valmiuksia ja ty\u00f6roolien selkiytt\u00e4mist\u00e4. Se on erinomainen keino parantaa sek\u00e4 johdon ett\u00e4 henkil\u00f6st\u00f6n valmiuksia<a href=\"https:\/\/terapiapalvelu-usva.fi\/?page_id=37\">[&#8230;]<\/a><\/p>\n","protected":false},"author":1,"featured_media":0,"parent":0,"menu_order":0,"comment_status":"closed","ping_status":"closed","template":"","meta":{"footnotes":""},"class_list":["post-37","page","type-page","status-publish","hentry"],"_links":{"self":[{"href":"https:\/\/terapiapalvelu-usva.fi\/index.php?rest_route=\/wp\/v2\/pages\/37","targetHints":{"allow":["GET"]}}],"collection":[{"href":"https:\/\/terapiapalvelu-usva.fi\/index.php?rest_route=\/wp\/v2\/pages"}],"about":[{"href":"https:\/\/terapiapalvelu-usva.fi\/index.php?rest_route=\/wp\/v2\/types\/page"}],"author":[{"embeddable":true,"href":"https:\/\/terapiapalvelu-usva.fi\/index.php?rest_route=\/wp\/v2\/users\/1"}],"replies":[{"embeddable":true,"href":"https:\/\/terapiapalvelu-usva.fi\/index.php?rest_route=%2Fwp%2Fv2%2Fcomments&post=37"}],"version-history":[{"count":7,"href":"https:\/\/terapiapalvelu-usva.fi\/index.php?rest_route=\/wp\/v2\/pages\/37\/revisions"}],"predecessor-version":[{"id":64,"href":"https:\/\/terapiapalvelu-usva.fi\/index.php?rest_route=\/wp\/v2\/pages\/37\/revisions\/64"}],"wp:attachment":[{"href":"https:\/\/terapiapalvelu-usva.fi\/index.php?rest_route=%2Fwp%2Fv2%2Fmedia&parent=37"}],"curies":[{"name":"wp","href":"https:\/\/api.w.org\/{rel}","templated":true}]}}