{"id":35,"date":"2016-03-10T11:57:00","date_gmt":"2016-03-10T09:57:00","guid":{"rendered":"http:\/\/terapiapalvelu-usva.fi\/?page_id=35"},"modified":"2022-08-23T14:16:30","modified_gmt":"2022-08-23T11:16:30","slug":"koulutuspalvelut","status":"publish","type":"page","link":"https:\/\/terapiapalvelu-usva.fi\/?page_id=35","title":{"rendered":"Koulutuspalvelut"},"content":{"rendered":"<div id=\"post-275\" class=\"post last\">\n<div class=\"post-content\">\n<div id=\"posts_content\">\n<div id=\"post-177\">\n<p><img loading=\"lazy\" decoding=\"async\" class=\"alignnone size-full wp-image-75 alignright\" src=\"http:\/\/terapiapalvelu-usva.fi\/wp-content\/uploads\/2016\/03\/kuva13.jpg\" alt=\"Koulutuspalvelut\" width=\"400\" height=\"400\" srcset=\"https:\/\/terapiapalvelu-usva.fi\/wp-content\/uploads\/2016\/03\/kuva13.jpg 400w, https:\/\/terapiapalvelu-usva.fi\/wp-content\/uploads\/2016\/03\/kuva13-150x150.jpg 150w, https:\/\/terapiapalvelu-usva.fi\/wp-content\/uploads\/2016\/03\/kuva13-300x300.jpg 300w, https:\/\/terapiapalvelu-usva.fi\/wp-content\/uploads\/2016\/03\/kuva13-250x250.jpg 250w, https:\/\/terapiapalvelu-usva.fi\/wp-content\/uploads\/2016\/03\/kuva13-174x174.jpg 174w\" sizes=\"auto, (max-width: 400px) 100vw, 400px\" \/>1. Koulutus<\/p>\n<p>Kaikki traumoihin, kiintymyssuhteisiin, perheisiin, lapsiin, nuoriin, seksuaalisuuteen sek\u00e4 hoitoty\u00f6naihealueisiin liittyv\u00e4t koulutukset ja luennot tilauksesta. Esimerkkej\u00e4 aihealueista:<\/p>\n<p>1. Kehitt\u00e4mistoiminta<\/p>\n<ul>\n<li>Ty\u00f6yhteis\u00f6jen hyvinvoinnin kehitt\u00e4minen<\/li>\n<li>aggressiivisen asiakkaan kohtaaminen<\/li>\n<li>Parempi ty\u00f6ilmapiiri<\/li>\n<li>Ty\u00f6ss\u00e4 jaksaminen ja itsest\u00e4 huolehtiminen<\/li>\n<li>Ty\u00f6turvallisuuden parantaminen<\/li>\n<\/ul>\n<p>2. Lasten ja nuorten kehitykseen ja kasvuun liittyv\u00e4t aiheet, perheterapian ja yksil\u00f6psykoterapian keinot lasten ja nuorten ongelmissa<\/p>\n<p>3. Kiintymyssuhteet, kiintymyssuhdetraumojen hoito<\/p>\n<p>4. Vakavat varhaiset traumat ja niiden hoito, henkil\u00f6kunnan jaksaminen auttamisty\u00f6ss\u00e4<\/p>\n<p>5. Seksuaalinen v\u00e4kivalta, raiskaustrauma &#8211; n\u00e4iden hoito ja kohtaaminen<\/p>\n<p>6.\u00a0Pikkulapsivaiheen haasteet ja niist\u00e4 selviytyminen<\/p>\n<p>7.\u00a0V\u00e4kivallan torjunta koulussa ja ty\u00f6paikalla<\/p>\n<p>10 V\u00e4kivaltaisen potilaan\/asiakkaan kohtaaminen<\/p>\n<p>11. Huostaanotettujen lasten ja nuorten haasteet<\/p>\n<p>12.\u00a0Adoptio &#8211; matka vanhemmaksi, adoptiolasten haasteet<\/p>\n<p>13. Miten rakastaa ja kiinty\u00e4 kun itse ei ole saanut rakkautta ja kiintymyst\u00e4<\/p>\n<p>14. Lastensuojelun henkil\u00f6kunnan tilauskoulutukset<\/p>\n<p>15. Sijaistraumatisoituminen ja siit\u00e4 selviytyminen<\/p>\n<p>Koulutukset tai koulutustilaisuuksien alustukset sovitaan tarkemmin tilaajan toiveiden ja kohderyhm\u00e4n tarpeiden mukaan.<\/p>\n<\/div>\n<\/div>\n<\/div>\n<\/div>\n","protected":false},"excerpt":{"rendered":"<p>1. Koulutus Kaikki traumoihin, kiintymyssuhteisiin, perheisiin, lapsiin, nuoriin, seksuaalisuuteen sek\u00e4 hoitoty\u00f6naihealueisiin liittyv\u00e4t koulutukset ja luennot tilauksesta. Esimerkkej\u00e4 aihealueista: 1. Kehitt\u00e4mistoiminta Ty\u00f6yhteis\u00f6jen hyvinvoinnin kehitt\u00e4minen aggressiivisen asiakkaan kohtaaminen Parempi ty\u00f6ilmapiiri Ty\u00f6ss\u00e4 jaksaminen ja itsest\u00e4 huolehtiminen Ty\u00f6turvallisuuden parantaminen 2. Lasten ja nuorten kehitykseen ja kasvuun liittyv\u00e4t aiheet, perheterapian ja yksil\u00f6psykoterapian keinot lasten ja nuorten ongelmissa 3. Kiintymyssuhteet, kiintymyssuhdetraumojen<a href=\"https:\/\/terapiapalvelu-usva.fi\/?page_id=35\">[&#8230;]<\/a><\/p>\n","protected":false},"author":1,"featured_media":0,"parent":0,"menu_order":0,"comment_status":"closed","ping_status":"closed","template":"","meta":{"footnotes":""},"class_list":["post-35","page","type-page","status-publish","hentry"],"_links":{"self":[{"href":"https:\/\/terapiapalvelu-usva.fi\/index.php?rest_route=\/wp\/v2\/pages\/35","targetHints":{"allow":["GET"]}}],"collection":[{"href":"https:\/\/terapiapalvelu-usva.fi\/index.php?rest_route=\/wp\/v2\/pages"}],"about":[{"href":"https:\/\/terapiapalvelu-usva.fi\/index.php?rest_route=\/wp\/v2\/types\/page"}],"author":[{"embeddable":true,"href":"https:\/\/terapiapalvelu-usva.fi\/index.php?rest_route=\/wp\/v2\/users\/1"}],"replies":[{"embeddable":true,"href":"https:\/\/terapiapalvelu-usva.fi\/index.php?rest_route=%2Fwp%2Fv2%2Fcomments&post=35"}],"version-history":[{"count":8,"href":"https:\/\/terapiapalvelu-usva.fi\/index.php?rest_route=\/wp\/v2\/pages\/35\/revisions"}],"predecessor-version":[{"id":218,"href":"https:\/\/terapiapalvelu-usva.fi\/index.php?rest_route=\/wp\/v2\/pages\/35\/revisions\/218"}],"wp:attachment":[{"href":"https:\/\/terapiapalvelu-usva.fi\/index.php?rest_route=%2Fwp%2Fv2%2Fmedia&parent=35"}],"curies":[{"name":"wp","href":"https:\/\/api.w.org\/{rel}","templated":true}]}}