{"id":31,"date":"2016-03-10T11:56:41","date_gmt":"2016-03-10T09:56:41","guid":{"rendered":"http:\/\/terapiapalvelu-usva.fi\/?page_id=31"},"modified":"2024-03-26T10:34:33","modified_gmt":"2024-03-26T08:34:33","slug":"seksuaaliterapia","status":"publish","type":"page","link":"https:\/\/terapiapalvelu-usva.fi\/?page_id=31","title":{"rendered":"Psykoseksuaaliterapia"},"content":{"rendered":"<div id=\"content\" class=\"box clf\">\n<div id=\"main\">\n<div id=\"post-75\" class=\"post last\">\n<div class=\"post-content\">\n<p><img loading=\"lazy\" decoding=\"async\" class=\"alignright wp-image-70 size-full\" src=\"http:\/\/terapiapalvelu-usva.fi\/wp-content\/uploads\/2016\/03\/kuva7.jpg\" alt=\"Seksuaaliterapia\" width=\"400\" height=\"293\" srcset=\"https:\/\/terapiapalvelu-usva.fi\/wp-content\/uploads\/2016\/03\/kuva7.jpg 400w, https:\/\/terapiapalvelu-usva.fi\/wp-content\/uploads\/2016\/03\/kuva7-300x220.jpg 300w\" sizes=\"auto, (max-width: 400px) 100vw, 400px\" \/>Joskus parisuhteessa tai omassa seksuaalisuudessa tulee eteen sellainen tilanne, miss\u00e4 pelkk\u00e4 seksuaalineuvonta ei en\u00e4\u00e4 riit\u00e4 vaan tarvitaan yksil\u00f6llisemp\u00e4\u00e4 ja syvemm\u00e4lle menev\u00e4mp\u00e4\u00e4 apua ja ohjausta. T\u00e4ll\u00f6in apua on mahdollista saada psykoseksuaaliterapiasta ja parisuhdeterapiasta. Terapia voidaan toteuttaa yksil\u00f6- tai pariterapiana tilanteen mukaan. Jos kyseess\u00e4 on pariterapia, niin kummallakin osapuolella on paritapaamisten lis\u00e4ksi my\u00f6s omia yksil\u00f6k\u00e4yntej\u00e4. Terapian kesto vaihtelee muutamista k\u00e4ynneist\u00e4 muutamien vuosien tiiviiseen terapiaty\u00f6skentelyyn. K\u00e4yntikerrat ovat yleens\u00e4 joka toinen viikko. Seksuaali- ja parisuhdeterapiaan voi hakeutua mm. seuraavanlaisten ongelmien vuoksi:<\/p>\n<p>1. Itseen kohdistuvat ongelmat:<\/p>\n<ul>\n<li>Haluttomuus tai vastenmielisyys seksuaalisuutta kohtaan tai seksuaalisen nautinnontunteen puuttuminen<\/li>\n<li>H\u00e4pe\u00e4n, riitt\u00e4m\u00e4tt\u00f6myyden tai syyllisyyden tunteet sek\u00e4 oman kehon hyv\u00e4ksymisen vaikeudet<\/li>\n<li>Omaan seksuaali- ja sukupuoli-identiteettiin liittyv\u00e4t ongelmat<\/li>\n<li>Seksuaalisten toimintojen h\u00e4iri\u00f6t, kuten kiihottumis-, erektio-, siemensy\u00f6ksy- ja orgasmivaikeudet sek\u00e4 yhdynt\u00e4kivut ja suorituspaineet<\/li>\n<\/ul>\n<p>2. Parisuhteeseen tai sen solmimiseen kohdistuvat ongelmat:<\/p>\n<ul>\n<li>Parisuhdeongelmat el\u00e4m\u00e4n eri vaiheissa<\/li>\n<li>Uskottomuus ja rinnakkaissuhteet<\/li>\n<li>L\u00e4heisyyteen liittyv\u00e4 ahdistus<\/li>\n<li>Vaikeudet solmia ja yll\u00e4pit\u00e4\u00e4 kest\u00e4vi\u00e4 suhteita<\/li>\n<\/ul>\n<p>3. Sairastumiseen ja vammautumiseen liittyv\u00e4t kysymykset:<\/p>\n<ul>\n<li>Seksuaaliset pakkomielteet ja riippuvuudet<\/li>\n<li>Seksuaalisiin erityismieltymyksiin liittyv\u00e4t kysymykset<\/li>\n<li>Traumatisoituminen, joka liittyy seksuaaliseen v\u00e4kivaltaan ja hyv\u00e4ksik\u00e4ytt\u00f6\u00f6n<\/li>\n<\/ul>\n<p>Psykoseksuaaliterapiassa p\u00e4\u00e4paino on my\u00f6nteisen min\u00e4kuvan luomisessa ja negatiivisten v\u00e4\u00e4ristymien poistamisessa. Terapiassa ty\u00f6stet\u00e4\u00e4n omia ajatuksia, tunteita ja kokemuksia sek\u00e4 etsit\u00e4\u00e4n positiivisia tunteita ja voimavaroja. T\u00e4rke\u00e4\u00e4 on my\u00f6s opetella vuorovaikutus- ja tunnetaitoja. My\u00f6s omaan seksuaalisuuteen liittyvi\u00e4 v\u00e4\u00e4ristyneit\u00e4 uskomuksia ja luuloja puretaan yhdess\u00e4 terapeutin kanssa.<\/p>\n<p>Terapiaan ei miss\u00e4\u00e4n tilanteessa kuulu asiakkaan ja terapeutin v\u00e4linen koskettelu vaan terapia toteutetaan keskustelemalla. Psykoseksuaaliterapiaa toteuttaa aina psykoterapeutti jolla on my\u00f6s (ET) seksuaaliterapeutin koulutus.<\/p>\n<p>T\u00e4ss\u00e4 on joitakin keskeisi\u00e4 piirteit\u00e4 ja menetelmi\u00e4, jotka liittyv\u00e4t psyko-seksuaaliterapiaan:<\/p>\n<ol>\n<li><strong>Arviointi ja diagnostiikka<\/strong>: Terapeutti arvioi asiakkaan tai parin seksuaalisia vaikeuksia, toiveita ja tarpeita. T\u00e4m\u00e4 vaihe auttaa terapeuttia ymm\u00e4rt\u00e4m\u00e4\u00e4n paremmin asiakkaan tilannetta ja kehitt\u00e4m\u00e4\u00e4n sopivia hoitosuunnitelmia.<\/li>\n<li><strong>Tietoisuuden lis\u00e4\u00e4minen<\/strong>: Psyko-seksuaaliterapiassa keskityt\u00e4\u00e4n usein lis\u00e4\u00e4m\u00e4\u00e4n asiakkaan tietoisuutta seksuaalisuudestaan, mukaan lukien omista tuntemuksista, toiveista ja rajoista.<\/li>\n<li><strong>Kommunikaation parantaminen<\/strong>: Terapia auttaa pariskuntia kommunikoimaan avoimesti ja rehellisesti seksuaalisista tarpeistaan, odotuksistaan ja toiveistaan. Tavoitteena on luoda turvallinen ja tukeva ymp\u00e4rist\u00f6 keskustella intiimist\u00e4 aiheista.<\/li>\n<li><strong>Ratkaisukeskeinen l\u00e4hestymistapa<\/strong>: Psyko-seksuaaliterapiassa keskityt\u00e4\u00e4n usein ongelmien ratkaisemiseen ja toimivien ratkaisujen l\u00f6yt\u00e4miseen seksuaalisten haasteiden k\u00e4sittelyss\u00e4.<\/li>\n<li><strong>Harjoitusteht\u00e4v\u00e4t<\/strong>: Terapeutti voi antaa asiakkaille teht\u00e4vi\u00e4 ja harjoituksia, joita he voivat suorittaa kotona tavoitteenaan parantaa seksuaalista tyytyv\u00e4isyytt\u00e4 ja hyvinvointia.<\/li>\n<li><strong>Seksuaalisen toiminnan ja nautinnon lis\u00e4\u00e4minen<\/strong>: Terapia pyrkii lis\u00e4\u00e4m\u00e4\u00e4n seksuaalista toimintaa ja nautintoa asiakkaan tai parin kanssa. T\u00e4m\u00e4 voi sis\u00e4lt\u00e4\u00e4 keskusteluja seksuaaliterveydest\u00e4, sukupuoliterveydest\u00e4, ja seksuaalisen itseilmaisun edist\u00e4misest\u00e4.<\/li>\n<li><strong>Psykoseksuaalisten h\u00e4iri\u00f6iden hoito<\/strong>: Psyko-seksuaaliterapia voi tarjota apua erilaisiin psykoseksuaalisiin h\u00e4iri\u00f6ihin, kuten erektio-ongelmiin, orgasmin vaikeuksiin, haluttomuuteen tai kipuun liittyviin seksuaalisiin ongelmiin.<\/li>\n<\/ol>\n<p>&nbsp;<\/p>\n<\/div>\n<\/div>\n<\/div>\n<\/div>\n","protected":false},"excerpt":{"rendered":"<p>Joskus parisuhteessa tai omassa seksuaalisuudessa tulee eteen sellainen tilanne, miss\u00e4 pelkk\u00e4 seksuaalineuvonta ei en\u00e4\u00e4 riit\u00e4 vaan tarvitaan yksil\u00f6llisemp\u00e4\u00e4 ja syvemm\u00e4lle menev\u00e4mp\u00e4\u00e4 apua ja ohjausta. T\u00e4ll\u00f6in apua on mahdollista saada psykoseksuaaliterapiasta ja parisuhdeterapiasta. Terapia voidaan toteuttaa yksil\u00f6- tai pariterapiana tilanteen mukaan. Jos kyseess\u00e4 on pariterapia, niin kummallakin osapuolella on paritapaamisten lis\u00e4ksi my\u00f6s omia yksil\u00f6k\u00e4yntej\u00e4. Terapian kesto<a href=\"https:\/\/terapiapalvelu-usva.fi\/?page_id=31\">[&#8230;]<\/a><\/p>\n","protected":false},"author":1,"featured_media":0,"parent":0,"menu_order":0,"comment_status":"closed","ping_status":"closed","template":"","meta":{"footnotes":""},"class_list":["post-31","page","type-page","status-publish","hentry"],"_links":{"self":[{"href":"https:\/\/terapiapalvelu-usva.fi\/index.php?rest_route=\/wp\/v2\/pages\/31","targetHints":{"allow":["GET"]}}],"collection":[{"href":"https:\/\/terapiapalvelu-usva.fi\/index.php?rest_route=\/wp\/v2\/pages"}],"about":[{"href":"https:\/\/terapiapalvelu-usva.fi\/index.php?rest_route=\/wp\/v2\/types\/page"}],"author":[{"embeddable":true,"href":"https:\/\/terapiapalvelu-usva.fi\/index.php?rest_route=\/wp\/v2\/users\/1"}],"replies":[{"embeddable":true,"href":"https:\/\/terapiapalvelu-usva.fi\/index.php?rest_route=%2Fwp%2Fv2%2Fcomments&post=31"}],"version-history":[{"count":7,"href":"https:\/\/terapiapalvelu-usva.fi\/index.php?rest_route=\/wp\/v2\/pages\/31\/revisions"}],"predecessor-version":[{"id":262,"href":"https:\/\/terapiapalvelu-usva.fi\/index.php?rest_route=\/wp\/v2\/pages\/31\/revisions\/262"}],"wp:attachment":[{"href":"https:\/\/terapiapalvelu-usva.fi\/index.php?rest_route=%2Fwp%2Fv2%2Fmedia&parent=31"}],"curies":[{"name":"wp","href":"https:\/\/api.w.org\/{rel}","templated":true}]}}