{"id":256,"date":"2024-03-22T09:40:15","date_gmt":"2024-03-22T07:40:15","guid":{"rendered":"http:\/\/terapiapalvelu-usva.fi\/?page_id=256"},"modified":"2025-05-26T08:27:21","modified_gmt":"2025-05-26T05:27:21","slug":"kiintymyssuhdehairioiden-psykoterapia","status":"publish","type":"page","link":"https:\/\/terapiapalvelu-usva.fi\/?page_id=256","title":{"rendered":"Kiintymyssuhdeh\u00e4iri\u00f6iden psykoterapia"},"content":{"rendered":"<p>Kiintymyssuhdeh\u00e4iri\u00f6t\u00a0ovat\u00a0sosiaalisen vuorovaikutuksen vaikeuksina ilmenevi\u00e4 oirekokonaisuuksia, jotka kehittyv\u00e4t varhaislapsuuden hoidon huomattavan laiminly\u00f6nnin, hyv\u00e4ksik\u00e4yt\u00f6n tai hoitajien jatkuvan vaihtumisen seurauksena. N\u00e4it\u00e4 h\u00e4iri\u00f6it\u00e4 esiintyy lapsilla, joilla on ollut\u00a0turvaton tai ep\u00e4vakaa kiintymyssuhde\u00a0varhaislapsuudessa. Diagnoosin edellytyksen\u00e4 on varma tai todenn\u00e4k\u00f6inen varhaisen vuorovaikutussuhteen poikkeavuus. Oireisto alkaa viiden vuoden ik\u00e4\u00e4n menness\u00e4.<\/p>\n<p>On olemassa erilaisia kiintymyssuhdeh\u00e4iri\u00f6it\u00e4, ja niiden oirekuvat voivat vaihdella. T\u00e4ss\u00e4 muutamia esimerkkej\u00e4:<\/p>\n<ol>\n<li><strong>Reaktiivinen kiintymyssuhdeh\u00e4iri\u00f6<\/strong>: Lapsi reagoi ristiriitaisella tavalla sosiaalisiin tilanteisiin ja ilment\u00e4\u00e4 tunneh\u00e4iri\u00f6it\u00e4, kuten v\u00e4linpit\u00e4m\u00e4tt\u00f6myytt\u00e4, vet\u00e4ytymist\u00e4, pelokasta varuillaanoloa ja aggressiivisia vasteita ahdistukselle.<\/li>\n<li><strong>Estoton kiintymyssuhdeh\u00e4iri\u00f6<\/strong>: Lapsella on vaikeuksia valikoida henkil\u00f6it\u00e4, joilta hakee lohdutusta. Sosiaalinen vuorovaikutus tuntemattomien ihmisten kanssa voi olla liian tuttavallista, ja lapsi saattaa hakeutua estotta fyysiseen l\u00e4heisyyteen vieraiden kanssa.<\/li>\n<li><strong>Samanaikainen ADHD ja kiintymyssuhdeh\u00e4iri\u00f6<\/strong>: Tutkimuksissa on havaittu, ett\u00e4 ADHD esiintyy usein samanaikaisesti kiintymyssuhdeh\u00e4iri\u00f6n kanssa. Vaikka oirekuvat ovat erillisi\u00e4, n\u00e4iden h\u00e4iri\u00f6iden samanaikainen esiintyvyys voi vaikuttaa hoitoon ja kuntoutukseen.<\/li>\n<\/ol>\n<p>Kiintymyssuhdetrauma viittaa varhaislapsuuden kokemuksiin, jotka h\u00e4iritsev\u00e4t normaalia turvallisen kiintymyssuhteen kehittymist\u00e4 lapsen ja h\u00e4nen ensisijaisen hoitajansa v\u00e4lille (usein vanhemman tai huoltajan). N\u00e4m\u00e4 traumat voivat vaikuttaa yksil\u00f6n tunne-el\u00e4m\u00e4n, sosiaalisen el\u00e4m\u00e4n ja psyykkisen hyvinvoinnin kehitykseen pitk\u00e4ll\u00e4 aikav\u00e4lill\u00e4.<\/p>\n<p>Kiintymyssuhdeteorian, jonka kehitti psykologi John Bowlby, mukaan turvallisen kiintymyssuhteen muodostuminen ensisijaiseen hoitajaan varhaislapsuudessa on ratkaisevan t\u00e4rke\u00e4\u00e4 terveelle kehitykselle. Kun lapsen tarve turvallisuudelle, lohdutukselle ja turvallisuudelle t\u00e4yttyy johdonmukaisesti reagoivan hoitajan toimesta, lapsi kehitt\u00e4\u00e4 turvallisen kiintymyssidoksen. Kuitenkin, kun t\u00e4m\u00e4 side on h\u00e4iriintynyt eri syist\u00e4, kuten laiminly\u00f6nnist\u00e4, v\u00e4\u00e4rink\u00e4yt\u00f6st\u00e4, erossaolosta tai ep\u00e4johdonmukaisesta hoidosta, kiintymyssuhdetrauma voi tapahtua.<\/p>\n<p>Kiintymyssuhdetrauma voi ilmet\u00e4 eri tavoin, mukaan lukien:<\/p>\n<ol>\n<li><strong>Ep\u00e4varmat kiintymyssuhdetyylit<\/strong>: Lapset, jotka kokevat kiintymyssuhdetraumaa, voivat kehitt\u00e4\u00e4 ep\u00e4varmoja kiintymyssuhdetyylej\u00e4, kuten v\u00e4lttelev\u00e4\u00e4, ambivalenttia tai ep\u00e4j\u00e4rjest\u00e4ytynytt\u00e4 kiintymyssuhdetta. N\u00e4m\u00e4 tyylit voivat jatkua aikuisuuteen asti ja vaikuttaa ihmissuhteisiin ja tunne-el\u00e4m\u00e4n s\u00e4\u00e4telyyn.<\/li>\n<li><strong>Tunteiden s\u00e4\u00e4telyn vaikeudet<\/strong>: Kiintymyssuhdetrauma voi johtaa vaikeuksiin s\u00e4\u00e4dell\u00e4 tunteita, mik\u00e4 voi ilmet\u00e4 mielialan vaihteluina, ahdistuksena, masennuksena tai vihan ongelmina.<\/li>\n<li><strong>Vaikeudet muodostaa suhteita<\/strong>: Kiintymyssuhdetrauman kokeneilla ihmisill\u00e4 voi olla vaikeuksia muodostaa ja yll\u00e4pit\u00e4\u00e4 terveit\u00e4 ihmissuhteita, koska heill\u00e4 voi olla vaikeuksia luottaa muihin tai pelko hyl\u00e4tyksi tulemisesta.<\/li>\n<li><strong>Matala itsetunto<\/strong>: Kiintymyssuhdetrauma voi heikent\u00e4\u00e4 henkil\u00f6n itsetuntoa ja johtaa tuntemuksiin riitt\u00e4m\u00e4tt\u00f6myydest\u00e4 tai arvottomuudesta.<\/li>\n<li><strong>Ep\u00e4sopivat selviytymismekanismit<\/strong>: Jotkut yksil\u00f6t voivat kehitt\u00e4\u00e4 ep\u00e4sopivia selviytymismekanismeja, kuten p\u00e4ihteiden v\u00e4\u00e4rink\u00e4ytt\u00f6\u00e4, itsetuhoista k\u00e4ytt\u00e4ytymist\u00e4 tai riskialtista k\u00e4ytt\u00e4ytymist\u00e4, tapana selviyty\u00e4 kiintymyssuhdetrauman aiheuttamasta tunneper\u00e4isest\u00e4 kivusta.<\/li>\n<\/ol>\n<p>Kiintymyssuhdetrauman hoito sis\u00e4lt\u00e4\u00e4 usein terapiaa, erityisesti l\u00e4hestymistapoja, jotka keskittyv\u00e4t kiintymyssidosten korjaamiseen, kuten kiintymysperusteinen terapia tai traumaan keskittyv\u00e4 terapia. Tukisuhdeiden rakentaminen ja terveiden selviytymismekanismien kehitt\u00e4minen ovat my\u00f6s t\u00e4rkeit\u00e4 osia paranemisprosessissa kiintymyssuhdetraumasta.<\/p>\n<p>Kiintymyssuhdetrauma vaikuttaa ihmisen koko el\u00e4m\u00e4\u00e4n, aina aikuisuuteen asti ja se ilmenee erilaisina\u00a0kiintymyssuhdemalleina. T\u00e4ss\u00e4 on lyhyt kuvaus eri kiintymyssuhdemalleista:<\/p>\n<ol>\n<li><strong>Turvallinen kiintymyssuhdemalli<\/strong>:\n<ul>\n<li>Vauva, joka on voinut turvallisesti kiinnitty\u00e4 hoitaviin aikuisiin, kehitt\u00e4\u00e4 turvallisen kiintymyssuhdemallin.<\/li>\n<li>Turvallisesti kiinnittynyt vauva voi luottaa siihen, ett\u00e4 h\u00e4nen tarpeisiinsa vastataan ja h\u00e4nen tunteitaan kuunnellaan ja ymm\u00e4rret\u00e4\u00e4n.<\/li>\n<li>Aikuisena turvallisesti kiinnittynyt henkil\u00f6 kykenee luottamaan muihin ihmisiin ja ilmaisemaan rohkeasti tunteitaan uskoen, ett\u00e4 tulee kuulluksi.<\/li>\n<li>Vanhemmuudessa turvallisen kiintymyssuhteen omaava ihminen pystyy siet\u00e4m\u00e4\u00e4n oman vauvansa tarvitsevuutta ja asettumaan tunnetasolla l\u00e4sn\u00e4 olevaksi omalle lapselleen.<\/li>\n<\/ul>\n<\/li>\n<li><strong>Ristiriitaisesti turvaton kiintymyssuhdemalli<\/strong>:\n<ul>\n<li>Ep\u00e4johdonmukaisessa tunneilmapiiriss\u00e4 kasvanut lapsi voi kehitty\u00e4 ristiriitaisesti turvattomasti kiinnittyneeksi.<\/li>\n<li>T\u00e4ll\u00f6in lapsi ei osaa ennakoida aikuisen tunnereaktiota, ja vanhemman reaktio on lapsen kannalta ennustamaton ja yll\u00e4tt\u00e4v\u00e4.<\/li>\n<li>Lapsi joutuu olemaan jatkuvasti varuillaan ja j\u00e4nnittyneen\u00e4 pyrkien ennakoimaan aikuisten tunnetiloja.<\/li>\n<\/ul>\n<\/li>\n<li><strong>Kaoottinen eli j\u00e4sentym\u00e4t\u00f6n kiintymyssuhdemalli<\/strong>:\n<ul>\n<li>Kaoottinen kiintymyssuhdemalli voi synty\u00e4, jos lapsi on kokenut kaltoinkohtelua kiintymyssuhteen toiselta osapuolelta.<\/li>\n<li>T\u00e4m\u00e4 voi johtua esimerkiksi fyysisest\u00e4 tai emotionaalisesta kaltoinkohtelusta.<\/li>\n<li>Aikuisella ihmisell\u00e4 t\u00e4m\u00e4 voi ilmet\u00e4 vaikeutena luoda pysyvi\u00e4 ja turvallisia ihmissuhteita.<\/li>\n<\/ul>\n<\/li>\n<\/ol>\n<p>On t\u00e4rke\u00e4\u00e4 tunnistaa ja k\u00e4sitell\u00e4 mahdollisia kiintymyssuhdetraumoja, jotta voimme rakentaa terveit\u00e4 ja turvallisia suhteita el\u00e4m\u00e4ss\u00e4mme.<\/p>\n<h3 data-start=\"178\" data-end=\"267\"><strong data-start=\"185\" data-end=\"267\">Turvallinen tila kohdata trauma \u2013 psykoterapiaa kiintymyssuhteiden kipukohtiin<\/strong><\/h3>\n<p data-start=\"269\" data-end=\"481\">Hyl\u00e4tyksi tuleminen, h\u00e4pe\u00e4, l\u00e4heisyyden pelko tai takertuva kaipuu \u2013 usein varhaiset ihmissuhteemme j\u00e4tt\u00e4v\u00e4t j\u00e4lki\u00e4, joita emme itse n\u00e4e, mutta jotka tuntuvat kehossa, tunteissa ja ihmissuhteissa yh\u00e4 uudelleen.<\/p>\n<p data-start=\"483\" data-end=\"761\">Olen erikoistunut <strong data-start=\"501\" data-end=\"525\">traumakeskeiseen psykoterapiaan<\/strong>, jossa hoidon ytimess\u00e4 ovat <strong data-start=\"554\" data-end=\"625\">kiintymyssuhteisiin liittyv\u00e4t haavat ja emotionaalinen turvattomuus<\/strong>. Ty\u00f6skentelen lempe\u00e4sti, j\u00e4sent\u00e4en kokemuksia yhdess\u00e4 kanssasi, jotta voit v\u00e4hitellen rakentaa uudenlaista suhdetta itseesi ja toisiin.<\/p>\n<p data-start=\"763\" data-end=\"820\">\u00a0Terapeuttinen ty\u00f6skentely kanssani sopii sinulle, jos:<\/p>\n<ul data-start=\"821\" data-end=\"1089\">\n<li data-start=\"821\" data-end=\"873\">\n<p data-start=\"823\" data-end=\"873\">kamppailet toistuvien ihmissuhdeongelmien kanssa<\/p>\n<\/li>\n<li data-start=\"874\" data-end=\"942\">\n<p data-start=\"876\" data-end=\"942\">tunnet olosi helposti hyl\u00e4tyksi, mit\u00e4t\u00f6idyksi tai n\u00e4kym\u00e4tt\u00f6m\u00e4ksi<\/p>\n<\/li>\n<li data-start=\"943\" data-end=\"1017\">\n<p data-start=\"945\" data-end=\"1017\">kannat sis\u00e4ll\u00e4si selitt\u00e4m\u00e4t\u00f6nt\u00e4 ahdistusta, tyhjyytt\u00e4 tai syyllisyytt\u00e4<\/p>\n<\/li>\n<li data-start=\"1018\" data-end=\"1089\">\n<p data-start=\"1020\" data-end=\"1089\">olet kasvanut ymp\u00e4rist\u00f6ss\u00e4, jossa ei ollut tilaa omille tunteillesi<\/p>\n<\/li>\n<\/ul>\n<p data-start=\"1091\" data-end=\"1336\">Ty\u00f6skentelen lasten, nuorten ja aikuisasiakkaiden kanssa sek\u00e4 yksitt\u00e4isten traumojen ett\u00e4 kehityksellisten, pitk\u00e4kestoisten kiintymyshaavojen parissa. K\u00e4yt\u00e4n ty\u00f6ss\u00e4ni muun muassa <strong data-start=\"1251\" data-end=\"1335\">EMDR-terapiaa, mentalisaatiopohjaista ty\u00f6skentely\u00e4 ja vakauttavia kehomenetelmi\u00e4<\/strong>.<\/p>\n<p data-start=\"1338\" data-end=\"1485\">Terapiaan voit tulla juuri sellaisena kuin olet \u2013 kaiken ei tarvitse olla selv\u00e4\u00e4. Riitt\u00e4\u00e4, ett\u00e4 tunnet: nyt voisi olla aika pys\u00e4hty\u00e4 itsen \u00e4\u00e4relle.<\/p>\n","protected":false},"excerpt":{"rendered":"<p>Kiintymyssuhdeh\u00e4iri\u00f6t\u00a0ovat\u00a0sosiaalisen vuorovaikutuksen vaikeuksina ilmenevi\u00e4 oirekokonaisuuksia, jotka kehittyv\u00e4t varhaislapsuuden hoidon huomattavan laiminly\u00f6nnin, hyv\u00e4ksik\u00e4yt\u00f6n tai hoitajien jatkuvan vaihtumisen seurauksena. N\u00e4it\u00e4 h\u00e4iri\u00f6it\u00e4 esiintyy lapsilla, joilla on ollut\u00a0turvaton tai ep\u00e4vakaa kiintymyssuhde\u00a0varhaislapsuudessa. Diagnoosin edellytyksen\u00e4 on varma tai todenn\u00e4k\u00f6inen varhaisen vuorovaikutussuhteen poikkeavuus. Oireisto alkaa viiden vuoden ik\u00e4\u00e4n menness\u00e4. On olemassa erilaisia kiintymyssuhdeh\u00e4iri\u00f6it\u00e4, ja niiden oirekuvat voivat vaihdella. T\u00e4ss\u00e4 muutamia esimerkkej\u00e4: Reaktiivinen<a href=\"https:\/\/terapiapalvelu-usva.fi\/?page_id=256\">[&#8230;]<\/a><\/p>\n","protected":false},"author":1,"featured_media":0,"parent":0,"menu_order":9,"comment_status":"closed","ping_status":"closed","template":"","meta":{"footnotes":""},"class_list":["post-256","page","type-page","status-publish","hentry"],"_links":{"self":[{"href":"https:\/\/terapiapalvelu-usva.fi\/index.php?rest_route=\/wp\/v2\/pages\/256","targetHints":{"allow":["GET"]}}],"collection":[{"href":"https:\/\/terapiapalvelu-usva.fi\/index.php?rest_route=\/wp\/v2\/pages"}],"about":[{"href":"https:\/\/terapiapalvelu-usva.fi\/index.php?rest_route=\/wp\/v2\/types\/page"}],"author":[{"embeddable":true,"href":"https:\/\/terapiapalvelu-usva.fi\/index.php?rest_route=\/wp\/v2\/users\/1"}],"replies":[{"embeddable":true,"href":"https:\/\/terapiapalvelu-usva.fi\/index.php?rest_route=%2Fwp%2Fv2%2Fcomments&post=256"}],"version-history":[{"count":3,"href":"https:\/\/terapiapalvelu-usva.fi\/index.php?rest_route=\/wp\/v2\/pages\/256\/revisions"}],"predecessor-version":[{"id":278,"href":"https:\/\/terapiapalvelu-usva.fi\/index.php?rest_route=\/wp\/v2\/pages\/256\/revisions\/278"}],"wp:attachment":[{"href":"https:\/\/terapiapalvelu-usva.fi\/index.php?rest_route=%2Fwp%2Fv2%2Fmedia&parent=256"}],"curies":[{"name":"wp","href":"https:\/\/api.w.org\/{rel}","templated":true}]}}