{"id":23,"date":"2016-03-10T11:55:42","date_gmt":"2016-03-10T09:55:42","guid":{"rendered":"http:\/\/terapiapalvelu-usva.fi\/?page_id=23"},"modified":"2024-03-26T10:32:37","modified_gmt":"2024-03-26T08:32:37","slug":"perhepsykoterapia","status":"publish","type":"page","link":"https:\/\/terapiapalvelu-usva.fi\/?page_id=23","title":{"rendered":"Perhepsykoterapia"},"content":{"rendered":"<div class=\"post-content\">\n<p><img loading=\"lazy\" decoding=\"async\" class=\"wp-image-66 size-full alignright\" src=\"http:\/\/terapiapalvelu-usva.fi\/wp-content\/uploads\/2016\/03\/kuva3.jpg\" alt=\"Perhepsykoterapia\" width=\"400\" height=\"293\" srcset=\"https:\/\/terapiapalvelu-usva.fi\/wp-content\/uploads\/2016\/03\/kuva3.jpg 400w, https:\/\/terapiapalvelu-usva.fi\/wp-content\/uploads\/2016\/03\/kuva3-300x220.jpg 300w\" sizes=\"auto, (max-width: 400px) 100vw, 400px\" \/>Lasten my\u00f6t\u00e4 parista tulee perhe, jolloin perheeseen tulee my\u00f6s uusia haasteita ja vastuita ja samalla my\u00f6s ongelmia. Jos ongelmia ei kyet\u00e4 ratkaisemaan perheen omin voimavaroin, on syyt\u00e4 hakea perheen ulkopuolelta apua ennen kuin tilanne p\u00e4\u00e4see pahemmaksi. Perhe on niin erityislaatuinen ja voimia antava, t\u00e4rke\u00e4 yhteis\u00f6, ett\u00e4 sen hyvinvoinnista kannattaa aina huolehtia. Vaikeuksista keskusteleminen lis\u00e4\u00e4 perheen j\u00e4senien v\u00e4list\u00e4 yhteenkuuluvuuden tunnetta, turvallisuutta, luottamusta ja l\u00e4mp\u00f6\u00e4. Usein ajattelemme, ett\u00e4 lapset eiv\u00e4t tied\u00e4 perheen ongelmista, mutta lapset tiet\u00e4v\u00e4t ja osaavat yleens\u00e4 paljon enemm\u00e4n kuin osaamme kuvitella, joten lasten mukaan ottaminen perheen asioiden k\u00e4sittelyyn on hyvin luontevaa ja aiheellista. Hoitamalla perhett\u00e4 tuemme lasten mahdollisuutta tasapainoiseen kehitykseen.<\/p>\n<p>Perheterapiassa tutkitaan, ymm\u00e4ret\u00e4\u00e4n ja hoidetaan perheen sis\u00e4ist\u00e4 vuorovaikutusta kokonaisuudessaan sek\u00e4 yksitt\u00e4isill\u00e4 perheenj\u00e4senill\u00e4 esiintyvi\u00e4 h\u00e4iri\u00f6it\u00e4 ja niiden aiheuttamaa k\u00e4rsimyst\u00e4. Perheterapia on hoitomuoto, jossa terapeutti hoitaa yht\u00e4 aikaa yht\u00e4 tai useampaa perheenj\u00e4sent\u00e4 ja v\u00e4lill\u00e4 my\u00f6s laajempaa vuorovaikutusverkostoa, kuten ryhmi\u00e4. Perheterapeuttinen tilanne synnytt\u00e4\u00e4 itsell\u00e4\u00e4n monen suuntaisen vuorovaikutuksen, joten my\u00f6s sen m\u00e4\u00e4rittely, mik\u00e4 itse asiassa on ongelma, tulee moniulotteiseksi jokaisen perheenj\u00e4senen m\u00e4\u00e4ritelless\u00e4 ongelman omalta n\u00e4k\u00f6kannaltaan.<\/p>\n<p>Hoidon vaikuttavana tekij\u00e4n\u00e4 on perheen sis\u00e4isen vuorovaikutusj\u00e4rjestelm\u00e4n muuttuminen sellaiseksi, ett\u00e4 se edist\u00e4\u00e4 perheen psyykkist\u00e4, fyysist\u00e4 ja sosiaalista hyvinvointia. T\u00e4h\u00e4n p\u00e4\u00e4st\u00e4kseen terapeutti pyrkii l\u00f6yt\u00e4m\u00e4\u00e4n perheen vuorovaikutuksessa olemassa olevat my\u00f6nteiset voimavarat. Perheterapia soveltuu erityisesti vaikeiden mielenterveysh\u00e4iri\u00f6iden hoitoon, mutta my\u00f6s monin lievempiin psyykkisiin ja psykosomaattisiin h\u00e4iri\u00f6ihin. Perheen el\u00e4m\u00e4nkaaren kriisitilanteessa (esim. lasten itsen\u00e4istymiseen liittyv\u00e4t normaalikriisit tai perheen hajoamiseen liittyv\u00e4t kriisit) perheterapialla autetaan selvitt\u00e4m\u00e4\u00e4n lukkiutunutta vuorovaikutustilannetta. Muita hoitoon hakeutumisen syit\u00e4 voivat olla vaikeat perhett\u00e4 koskettavat kriisit kuten itsemurhatilanteet, joissa yksitt\u00e4isille perheenj\u00e4senille ei v\u00e4ltt\u00e4m\u00e4tt\u00e4 ole asetettavissa mit\u00e4\u00e4n psykiatrista diagnoosia vaan vuorovaikutus sin\u00e4ns\u00e4 on perheterapeuttista selvittely\u00e4 vaativa ongelma. My\u00f6s posttraumaattista stressih\u00e4iri\u00f6t\u00e4 voidaan tarkastella perheulotteisena, jolloin hoitoon hakeutumisen syy saattaa olla muun muassa insestin tai seksuaalisen hyv\u00e4ksik\u00e4yt\u00f6n uhrin sek\u00e4 kaikkien, jota traumaattinen tilanne on l\u00e4heisesti koskettanut hoitaminen perheterapian n\u00e4k\u00f6kulmasta. Perheterapiaa k\u00e4ytet\u00e4\u00e4n sek\u00e4 itsen\u00e4isen\u00e4 psykoterapiana ett\u00e4 muiden psykoterapioiden tukihoitona.<\/p>\n<p>Perheterapiaan osallistuvilta perheenj\u00e4senilt\u00e4 edellytet\u00e4\u00e4n valmiutta n\u00e4hd\u00e4 perheen tai perheenj\u00e4senten ongelmat vuorovaikutuksellisina. T\u00e4m\u00e4 valmius syntyy joko perheen sis\u00e4isess\u00e4 vuorovaikutuksessa jo ennen hoitoon hakeutumista tai vuorovaikutusprosessissa perheen ja terapeutin v\u00e4lill\u00e4. Perheterapiassa tarkastellaan my\u00f6s yksitt\u00e4isten perheenj\u00e4senten tilannetta perhekokonaisuuden lis\u00e4ksi. T\u00e4m\u00e4 perustuu siihen, ett\u00e4 yksil\u00f6n kehitys on tiiviisti yhteydess\u00e4 perheen ja l\u00e4heisten el\u00e4m\u00e4n tapahtumiin ja niiden v\u00e4liseen vuorovaikutukseen.<\/p>\n<p>Perheterapiassa perheen m\u00e4\u00e4rittely ei aina noudata tavanomaisen ydinperheen m\u00e4\u00e4ritelm\u00e4\u00e4, vaan erilaiset uusperheiden muodot \u2013 mukaan lukien esimerkiksi homoseksuaaliset perheet \u2013 sis\u00e4ltyv\u00e4t perheterapian kohteena olevan perheen m\u00e4\u00e4ritelm\u00e4\u00e4n riippumatta siit\u00e4, mik\u00e4 niiden juridinen asema yhteiskunnassa on.<\/p>\n<p>Hoidon toteutuminen vaihtelee huomattavasti kestoltaan ja tiheydelt\u00e4\u00e4n. Hoito voi tapahtua kerran viikossa, kerran kuukaudessa ja jopa harvemminkin. Kriisitilanteessa perhett\u00e4 voidaan tavata my\u00f6s p\u00e4ivitt\u00e4in. Perheterapian kesto vaihtelee muutamasta k\u00e4ynnist\u00e4 useamman vuoden tiiviiseen terapiaan. Perhekeskeinen hoito aloitetaan niin pian kuin mahdollista hoitoonhakeutumisen tapahduttua, psykoottisissa ja muissa akuuteissa vaikeissa kriiseiss\u00e4 mieluiten jo samana p\u00e4iv\u00e4n\u00e4.<\/p>\n<p>Lasten ja nuorten perheterapian tuloksellisuudesta on n\u00e4ytt\u00f6\u00e4 k\u00e4yt\u00f6s- ja tunneh\u00e4iri\u00f6ist\u00e4, p\u00e4ihteiden k\u00e4yt\u00f6st\u00e4, sy\u00f6mish\u00e4iri\u00f6ist\u00e4, masennuksen, itsens\u00e4 vahingoittamisen ja kroonisten somaattisten sairauksien hoidossa.<\/p>\n<p>Terapiapalvelu Usvassa olemme erikoistuneet vakavien varhaisten traumojen sek\u00e4 dissosiaatioh\u00e4iri\u00f6n hoitoon hankkimalla aiheeseen liittyv\u00e4t laajat t\u00e4ydennyskoulutukset sek\u00e4 ty\u00f6nohjauksen. Jos itse\u00e4si tai perheenj\u00e4sent\u00e4si on koskettanut vakava trauma, ota yhteytt\u00e4 mahdollisimman nopeasti hoidon j\u00e4rjest\u00e4miseksi.<\/p>\n<div class=\"flex-1 overflow-hidden\">\n<div class=\"react-scroll-to-bottom--css-githc-79elbk h-full\">\n<div class=\"react-scroll-to-bottom--css-githc-1n7m0yu\">\n<div class=\"flex flex-col text-sm pb-9\">\n<div class=\"w-full text-token-text-primary\" data-testid=\"conversation-turn-9\">\n<div class=\"px-4 py-2 justify-center text-base md:gap-6 m-auto\">\n<div class=\"flex flex-1 text-base mx-auto gap-3 md:px-5 lg:px-1 xl:px-5 md:max-w-3xl lg:max-w-[40rem] xl:max-w-[48rem] group final-completion\">\n<div class=\"relative flex w-full flex-col agent-turn\">\n<div class=\"flex-col gap-1 md:gap-3\">\n<div class=\"flex flex-grow flex-col max-w-full\">\n<div class=\"min-h-[20px] text-message flex flex-col items-start gap-3 whitespace-pre-wrap break-words [.text-message+&amp;]:mt-5 overflow-x-auto\" data-message-author-role=\"assistant\" data-message-id=\"526f8801-e2a8-4284-8bf8-e2b2ee6b4f66\">\n<div class=\"markdown prose w-full break-words dark:prose-invert light\">\n<p>Perhepsykoterapian piirteit\u00e4 ja menetelmi\u00e4 voivat olla:<\/p>\n<ol>\n<li><strong>Systeeminen n\u00e4k\u00f6kulma<\/strong>: Perhepsykoterapiassa l\u00e4hestyt\u00e4\u00e4n perhett\u00e4 systeemisen\u00e4 kokonaisuutena, jossa jokainen j\u00e4sen vaikuttaa ja on vuorovaikutuksessa muiden kanssa. Terapeutti tutkii perheen dynamiikkaa ja vuorovaikutusta auttaakseen ymm\u00e4rt\u00e4m\u00e4\u00e4n ongelmien syit\u00e4 ja seurauksia.<\/li>\n<li><strong>Perheen voimavarojen korostaminen<\/strong>: Terapeutti auttaa perhett\u00e4 tunnistamaan ja k\u00e4ytt\u00e4m\u00e4\u00e4n hyv\u00e4ksi sen voimavaroja ja vahvuuksia ratkaistakseen ongelmia ja selviyty\u00e4kseen haasteista.<\/li>\n<li><strong>Kommunikaation parantaminen<\/strong>: Perhepsykoterapiassa keskityt\u00e4\u00e4n usein kommunikaation parantamiseen perheen j\u00e4senten v\u00e4lill\u00e4. Terapeutti opastaa perhett\u00e4 kehitt\u00e4m\u00e4\u00e4n tehokkaampia kommunikaatiotaitoja, kuten aktiivista kuuntelua ja rakentavaa palautteen antamista.<\/li>\n<li><strong>Konfliktien ratkaiseminen<\/strong>: Terapeutti auttaa perhett\u00e4 tunnistamaan ja k\u00e4sittelem\u00e4\u00e4n konflikteja terveellisell\u00e4 ja rakentavalla tavalla. Tavoitteena on l\u00f6yt\u00e4\u00e4 ratkaisuja, jotka tyydytt\u00e4v\u00e4t kaikkia perheenj\u00e4seni\u00e4.<\/li>\n<li><strong>Perheenj\u00e4senten roolien ja vastuiden selkeytt\u00e4minen<\/strong>: Terapeutti voi auttaa perhett\u00e4 selkeytt\u00e4m\u00e4\u00e4n j\u00e4senten rooleja ja vastuita perheen sis\u00e4ll\u00e4. T\u00e4m\u00e4 voi auttaa v\u00e4hent\u00e4m\u00e4\u00e4n ristiriitoja ja ep\u00e4selvyytt\u00e4.<\/li>\n<li><strong>Tunneilmapiirin parantaminen<\/strong>: Perhepsykoterapia voi keskitty\u00e4 my\u00f6s tunneilmapiirin parantamiseen perheess\u00e4. Terapeutti auttaa j\u00e4seni\u00e4 tunnistamaan ja ilmaisemaan tunteitaan avoimesti ja terveellisell\u00e4 tavalla.<\/li>\n<li><strong>Perheenj\u00e4senten tukeminen<\/strong>: Terapeutti tarjoaa tukea ja ohjausta perheenj\u00e4senille heid\u00e4n k\u00e4sitelless\u00e4\u00e4n henkil\u00f6kohtaisia \u200b\u200bhaasteitaan ja tunteitaan.<\/li>\n<\/ol>\n<p>&nbsp;<\/p>\n<\/div>\n<\/div>\n<\/div>\n<div class=\"mt-1 flex justify-start gap-3 empty:hidden\"><\/div>\n<div class=\"pr-2 lg:pr-0\"><\/div>\n<\/div>\n<div class=\"absolute\"><\/div>\n<\/div>\n<\/div>\n<\/div>\n<\/div>\n<\/div>\n<\/div>\n<\/div>\n<\/div>\n<div class=\"w-full pt-2 md:pt-0 dark:border-white\/20 md:border-transparent md:dark:border-transparent md:w-[calc(100%-.5rem)]\"><\/div>\n<\/div>\n","protected":false},"excerpt":{"rendered":"<p>Lasten my\u00f6t\u00e4 parista tulee perhe, jolloin perheeseen tulee my\u00f6s uusia haasteita ja vastuita ja samalla my\u00f6s ongelmia. Jos ongelmia ei kyet\u00e4 ratkaisemaan perheen omin voimavaroin, on syyt\u00e4 hakea perheen ulkopuolelta apua ennen kuin tilanne p\u00e4\u00e4see pahemmaksi. Perhe on niin erityislaatuinen ja voimia antava, t\u00e4rke\u00e4 yhteis\u00f6, ett\u00e4 sen hyvinvoinnista kannattaa aina huolehtia. Vaikeuksista keskusteleminen lis\u00e4\u00e4 perheen<a href=\"https:\/\/terapiapalvelu-usva.fi\/?page_id=23\">[&#8230;]<\/a><\/p>\n","protected":false},"author":1,"featured_media":0,"parent":0,"menu_order":0,"comment_status":"closed","ping_status":"closed","template":"","meta":{"footnotes":""},"class_list":["post-23","page","type-page","status-publish","hentry"],"_links":{"self":[{"href":"https:\/\/terapiapalvelu-usva.fi\/index.php?rest_route=\/wp\/v2\/pages\/23","targetHints":{"allow":["GET"]}}],"collection":[{"href":"https:\/\/terapiapalvelu-usva.fi\/index.php?rest_route=\/wp\/v2\/pages"}],"about":[{"href":"https:\/\/terapiapalvelu-usva.fi\/index.php?rest_route=\/wp\/v2\/types\/page"}],"author":[{"embeddable":true,"href":"https:\/\/terapiapalvelu-usva.fi\/index.php?rest_route=\/wp\/v2\/users\/1"}],"replies":[{"embeddable":true,"href":"https:\/\/terapiapalvelu-usva.fi\/index.php?rest_route=%2Fwp%2Fv2%2Fcomments&post=23"}],"version-history":[{"count":6,"href":"https:\/\/terapiapalvelu-usva.fi\/index.php?rest_route=\/wp\/v2\/pages\/23\/revisions"}],"predecessor-version":[{"id":261,"href":"https:\/\/terapiapalvelu-usva.fi\/index.php?rest_route=\/wp\/v2\/pages\/23\/revisions\/261"}],"wp:attachment":[{"href":"https:\/\/terapiapalvelu-usva.fi\/index.php?rest_route=%2Fwp%2Fv2%2Fmedia&parent=23"}],"curies":[{"name":"wp","href":"https:\/\/api.w.org\/{rel}","templated":true}]}}