{"id":180,"date":"2021-02-09T12:59:36","date_gmt":"2021-02-09T10:59:36","guid":{"rendered":"http:\/\/terapiapalvelu-usva.fi\/?page_id=180"},"modified":"2021-02-09T12:59:36","modified_gmt":"2021-02-09T10:59:36","slug":"neurosonic","status":"publish","type":"page","link":"https:\/\/terapiapalvelu-usva.fi\/?page_id=180","title":{"rendered":"Neurosonic"},"content":{"rendered":"<p>Neurosonic l\u00e4hett\u00e4\u00e4 kehoon eritt\u00e4in matalataajuista v\u00e4r\u00e4htely\u00e4, joka edist\u00e4\u00e4 kehon luonnollisia\u00a0korjaavia ominaisuuksia erityisesti unen laadun ja tehon kautta. Neurosonicin rentoutusmenetelm\u00e4 ohjaa meditaation kaltaiseen tilaan, jossa v\u00e4r\u00e4htelyll\u00e4 pyrit\u00e4\u00e4n vaikuttamaan suoraan autonomiseen hermostoon, jolloin mielen ei tarvitse ty\u00f6skennell\u00e4 rentoutuakseen. Neurosonicin avulla hermoston mekanismit aktivoituvat ja stressiper\u00e4iset oireet, kuten ahdistuneisuus, unih\u00e4iri\u00f6t ja my\u00f6s kivun on mahdollista helpottua.<\/p>\n<p>Neurosonicissa on k\u00e4yt\u00f6ss\u00e4 eri tehoalueita, joista pystyt\u00e4\u00e4n l\u00f6yt\u00e4m\u00e4\u00e4n jokaiselle sopiva vahvuus ja ohjelma. Neurosonicin aiheuttama v\u00e4r\u00e4htely\u00a0auttaa niin urheilijaa kuin ty\u00f6ss\u00e4 stressaantunutta palautumaan nopeammin ja aktivoivilla ohjelmilla her\u00e4tell\u00e4\u00e4n kehoa\u00a0tuleviin suorituksiin nostamalla vireystilaa.\u00a0Rentoutusmenetelm\u00e4 sopii kaikenik\u00e4isille ja on turvallinen k\u00e4ytt\u00e4\u00e4. Esimerkiksi syd\u00e4mentahdistimet, kipustimulaattorit tai metalliset keinonivelet eiv\u00e4t est\u00e4 Neurosonicin k\u00e4ytt\u00f6\u00e4.<\/p>\n<p>Psykoterapiassa neurosonic on k\u00e4yt\u00f6ss\u00e4 yhten\u00e4 menetelm\u00e4n\u00e4 terapiakokonaisuudessa. Usein psykoterapiaan hakeutuva ihminen on jo pitk\u00e4\u00e4n k\u00e4rsinyt negatiivisesta stressist\u00e4 jolloin elimist\u00f6 ei en\u00e4\u00e4 toimi normaalilla tavalla. Stressi on aina keholle ja mielelle uhka, jolloin keho asettuu \u201dtaistele tai pakene\u201d -tilaan. T\u00e4ll\u00e4inen &#8221;taistele tai pakene-tila&#8221; tarkoittaa aivojen ja lis\u00e4munuaisen kuoren v\u00e4lisen HPA-akselin yliaktivoitumista. T\u00e4ll\u00f6in keho tuottaa jatkuvasti liikaa kortisolia, joka on selviytymiseen liittyv\u00e4 v\u00e4litt\u00e4j\u00e4aine. Usein my\u00f6s adrenaliinitasot ovat aivan liian korkealla.<\/p>\n<p>T\u00e4ll\u00e4inen kehollinen stressi voi aiheuttaa ep\u00e4m\u00e4\u00e4r\u00e4isi\u00e4 ja selitt\u00e4m\u00e4tt\u00f6mi\u00e4 psykofyysisi\u00e4 kipuja, vatsaoireita, unettomuutta ja ahdistusta ja pitkittyess\u00e4\u00e4n johtaa masennukseen v\u00e4litt\u00e4j\u00e4ainemuutosten, psyykkisen paineen ja heikentyneen unen laadun my\u00f6t\u00e4. Usein psykoterapiaan hakeutuva ihminen kuvaa stressin psyykkisen\u00e4 ilmi\u00f6n\u00e4, eik\u00e4 ole v\u00e4ltt\u00e4m\u00e4tt\u00e4 tullut edes ajatelleeksi, ett\u00e4 stressi on suurimmalta osin elimist\u00f6ss\u00e4mme vaikuttava fysiologinen ep\u00e4tasapaino, jolloin kehon t\u00e4rkein teht\u00e4v\u00e4 on el\u00e4m\u00e4n yll\u00e4pit\u00e4minen ja kaikki sit\u00e4 uhkaava toiminta aiheuttaa meiss\u00e4 stressireaktioita yksil\u00f6llisell\u00e4 tavalla. Jotta t\u00e4ll\u00e4isest\u00e4 kehollisesta stressist\u00e4 p\u00e4\u00e4sisi eroon, tulisi elimist\u00f6ss\u00e4 olevaan ep\u00e4tasapainoon pyrki\u00e4 vaikuttamaan my\u00f6s fysiologisesti jossa neurosonic astuu avuksi. Voimme puhumalla ja muuttamalla automaattisia ja usein haitallisia ajatusv\u00e4\u00e4ristymi\u00e4 pyrki\u00e4 vaikuttamaan pitkittyneeseen stressiin, mutta se vie ajallisesti usein huomattavan paljon kauemmin. Kun keho saadaan rauhoittumaan ulkoisen stimulaation avulla, ajattelun muutos stressitekij\u00f6iden suhteen on huomattavasti helpompaa.<\/p>\n<p>Terapiapalvelu Usvassa tyo\u0308skentelen usein traumatisoituneiden asiakkaiden kanssa, jolloin voin sa\u0308a\u0308della\u0308 erilaisilla Neurosonicin hoito-ohjelmilla asiakkaiden vireystiloja la\u0308hemma\u0308s toivottua, optimaalista tasoa, jolloin traumaattisten kokemusten ka\u0308sitteleminen ja integroiminen osaksi asiakkaan ela\u0308ma\u0308nhistoriaa mahdollistuu helpommin ja antaa asiakkaalle mahdollisuuden ty\u00f6st\u00e4\u00e4 traumaattista kokemustaan my\u00f6s kehon tasolla.<\/p>\n<p>Univaikeuksista ka\u0308rsivien asiakkaiden kohdalla Neurosonic-patjalla pyrit\u00e4\u00e4n lis\u00e4\u00e4m\u00e4\u00e4n asiakkaan psyykkisi\u00e4 seka\u0308 fyysisi\u00e4 voimavaroja Neurosonicin palauttavilla ja rentouttavilla ohjelmilla. Erilaisia ja\u0308nnitys- ja ahdistusoireita pyrit\u00e4\u00e4n taas hoitamaan rentoutushoitojen avulla, joka auttaa aktivoimaan parasympaattista hermostoa rauhoittamalla elimisto\u0308\u00e4, syda\u0308mensykett\u00e4 seka\u0308 tasaamalla verenpainetta ja rentouttamalla lihaksia. My\u00f6s adhd:hen ja add-tyyppiseen oirehdintaan on mahdollista saada apua Neurosonic-hoidon avulla pyrkim\u00e4ll\u00e4 vaikuttamaan dopamiireseptoreiden vajaukseen aivoissa. Dopamiinireseptoreiden vajauksen vuoksi monet ADHD:n kanssa kamppailevat ovat fyysisesti aktiivisia ja kompensoivat dopamiinivajetta liikkeill\u00e4\u00e4n \u00e4\u00e4reishermostoa \u00e4rsytt\u00e4\u00e4kseen. T\u00e4m\u00e4 on t\u00e4ysin luonnollinen vaste, ei huonoa k\u00e4yt\u00f6st\u00e4 vaan pyrkimys homeostaasiin. Neurosonicin ohjelma ja v\u00e4r\u00e4htelytaso valitaan sen mukaan useimmille aktivoinniksi, jotta tulisi samanlainen vaikutus kuin mit\u00e4 liikkumalla saadaan. Rentoutus yksist\u00e4\u00e4n saattaa l\u00e4hinn\u00e4 lis\u00e4t\u00e4 serotoniinia jolloin oireet voi puolestaan pahentua. Kysymys on siis laajemmasta kokonaisuudesta kuin pelk\u00e4st\u00e4 dopamiinivajesta. Kyseess\u00e4 on siis eri juttu kuin hermoston stressiper\u00e4inen ylitila. Dopamiinin lis\u00e4ys tarkoittaa samalla parempaa tarkkaavaisuutta.<\/p>\n<p>L\u00c4HTEET: www.neurosonic.fi<\/p>\n<p>Katso my\u00f6s:<\/p>\n<p>https:\/\/neurosonic.fi\/pages\/tutkimukset<\/p>\n<p>https:\/\/www.theseus.fi\/handle\/10024\/54640<\/p>\n<p>https:\/\/news.cision.com\/fi\/caprice-consulting-oy\/r\/neurosonic-matalataajuushoidosta-apua-unettomuuteen&#8212;uusi-tutkimus-antaa-lupaavia-tuloksia,c9485077<\/p>\n<p>https:\/\/neurosonic.zendesk.com\/hc\/fi\/articles\/360019001373-Neurosonic-matalataajuusmenetelma-n-vaikutukset-kroonisissa-keuhkosairauksissa<\/p>\n<p>file:\/\/\/C:\/Users\/K%C3%A4ytt%C3%A4j%C3%A4\/Downloads\/Neurosonic%20kivun%20lievityksen%20tukena.pdf<\/p>\n","protected":false},"excerpt":{"rendered":"<p>Neurosonic l\u00e4hett\u00e4\u00e4 kehoon eritt\u00e4in matalataajuista v\u00e4r\u00e4htely\u00e4, joka edist\u00e4\u00e4 kehon luonnollisia\u00a0korjaavia ominaisuuksia erityisesti unen laadun ja tehon kautta. Neurosonicin rentoutusmenetelm\u00e4 ohjaa meditaation kaltaiseen tilaan, jossa v\u00e4r\u00e4htelyll\u00e4 pyrit\u00e4\u00e4n vaikuttamaan suoraan autonomiseen hermostoon, jolloin mielen ei tarvitse ty\u00f6skennell\u00e4 rentoutuakseen. Neurosonicin avulla hermoston mekanismit aktivoituvat ja stressiper\u00e4iset oireet, kuten ahdistuneisuus, unih\u00e4iri\u00f6t ja my\u00f6s kivun on mahdollista helpottua. Neurosonicissa on<a href=\"https:\/\/terapiapalvelu-usva.fi\/?page_id=180\">[&#8230;]<\/a><\/p>\n","protected":false},"author":1,"featured_media":0,"parent":0,"menu_order":0,"comment_status":"closed","ping_status":"closed","template":"","meta":{"footnotes":""},"class_list":["post-180","page","type-page","status-publish","hentry"],"_links":{"self":[{"href":"https:\/\/terapiapalvelu-usva.fi\/index.php?rest_route=\/wp\/v2\/pages\/180","targetHints":{"allow":["GET"]}}],"collection":[{"href":"https:\/\/terapiapalvelu-usva.fi\/index.php?rest_route=\/wp\/v2\/pages"}],"about":[{"href":"https:\/\/terapiapalvelu-usva.fi\/index.php?rest_route=\/wp\/v2\/types\/page"}],"author":[{"embeddable":true,"href":"https:\/\/terapiapalvelu-usva.fi\/index.php?rest_route=\/wp\/v2\/users\/1"}],"replies":[{"embeddable":true,"href":"https:\/\/terapiapalvelu-usva.fi\/index.php?rest_route=%2Fwp%2Fv2%2Fcomments&post=180"}],"version-history":[{"count":6,"href":"https:\/\/terapiapalvelu-usva.fi\/index.php?rest_route=\/wp\/v2\/pages\/180\/revisions"}],"predecessor-version":[{"id":193,"href":"https:\/\/terapiapalvelu-usva.fi\/index.php?rest_route=\/wp\/v2\/pages\/180\/revisions\/193"}],"wp:attachment":[{"href":"https:\/\/terapiapalvelu-usva.fi\/index.php?rest_route=%2Fwp%2Fv2%2Fmedia&parent=180"}],"curies":[{"name":"wp","href":"https:\/\/api.w.org\/{rel}","templated":true}]}}